{"id":20,"date":"2020-10-29T15:10:00","date_gmt":"2020-10-29T14:10:00","guid":{"rendered":"http:\/\/netsh108983.web15.net-server.de\/?page_id=20"},"modified":"2025-11-10T12:47:05","modified_gmt":"2025-11-10T11:47:05","slug":"unsere-mandatstraeger","status":"publish","type":"page","link":"https:\/\/www.spd-balve.de\/?page_id=20","title":{"rendered":"SPD &#8211; Fraktion im Rat der Stadt Balve"},"content":{"rendered":"\n<p class=\"has-text-align-left\"><mark style=\"background-color:rgba(0, 0, 0, 0)\" class=\"has-inline-color has-vivid-red-color\">Hier stellen wir Ihnen unsere Fraktion f\u00fcr die Wahlzeit 2025-2030 im Rat der Stadt Balve vor<\/mark>:<br><br>\u00dcber die  Arbeit des Rates der Stadt Balve und seiner Aussch\u00fcsse k\u00f6nnen sich interessierte B\u00fcrgerinnen und B\u00fcrger im Internet unter folgendem Link informieren:<br><br>                 <a href=\"https:\/\/balve.ratsinfomanagement.net\" target=\"_blank\" rel=\"noreferrer noopener nofollow\">RATSINFOSYSTEM &#8211; Recherche f\u00fcr B\u00fcrger Politik und Verwaltung<\/a><\/p>\n\n\n\n<div class=\"wp-block-media-text alignwide is-stacked-on-mobile\"><figure class=\"wp-block-media-text__media\"><img loading=\"lazy\" decoding=\"async\" width=\"574\" height=\"586\" src=\"https:\/\/www.spd-balve.de\/wp-content\/uploads\/2025\/11\/CAY-SCHMIDT-FB.png\" alt=\"\" class=\"wp-image-562 size-full\" srcset=\"https:\/\/www.spd-balve.de\/wp-content\/uploads\/2025\/11\/CAY-SCHMIDT-FB.png 574w, https:\/\/www.spd-balve.de\/wp-content\/uploads\/2025\/11\/CAY-SCHMIDT-FB-294x300.png 294w\" sizes=\"auto, (max-width: 574px) 100vw, 574px\" \/><\/figure><div class=\"wp-block-media-text__content\">\n<p><strong>Cay Schmidt<\/strong><br>(Fraktionsvorsitzender)<br>Ratsherr<\/p>\n\n\n\n<p>02375 \/ 91 03 08<br><a href=\"mailto:cay.schmidt@spd-balve.de\">cay.schmidt@spd-balve.de<\/a><br><br>Haupt- und Finanzausschuss (<strong>HFA<\/strong>)<br>Betriebsausschuss (<strong>BA<\/strong>) &#8211; Sprecher<br>Wahlpr\u00fcfungsausschuss (<strong>WPA<\/strong>)<\/p>\n<\/div><\/div>\n\n\n\n<div class=\"wp-block-media-text alignwide is-stacked-on-mobile\"><figure class=\"wp-block-media-text__media\"><img loading=\"lazy\" decoding=\"async\" width=\"648\" height=\"649\" src=\"https:\/\/www.spd-balve.de\/wp-content\/uploads\/2025\/11\/SIGRID-SCHMIDT-FB.png\" alt=\"\" class=\"wp-image-563 size-full\" srcset=\"https:\/\/www.spd-balve.de\/wp-content\/uploads\/2025\/11\/SIGRID-SCHMIDT-FB.png 648w, https:\/\/www.spd-balve.de\/wp-content\/uploads\/2025\/11\/SIGRID-SCHMIDT-FB-300x300.png 300w, https:\/\/www.spd-balve.de\/wp-content\/uploads\/2025\/11\/SIGRID-SCHMIDT-FB-150x150.png 150w, https:\/\/www.spd-balve.de\/wp-content\/uploads\/2025\/11\/SIGRID-SCHMIDT-FB-100x100.png 100w\" sizes=\"auto, (max-width: 648px) 100vw, 648px\" \/><\/figure><div class=\"wp-block-media-text__content\">\n<p><strong>Sigrid Schmidt<\/strong><br>Ratsfrau<\/p>\n\n\n\n<p>02375 \/ 91 03 08<br><a href=\"mailto:sigrid.schmidt@spd-balve.de\">sigrid.schmidt@spd-balve.de<\/a><br><br>Ehrenamt, Schule, Digitalisierung, Soziales (<strong>ESDS<\/strong>) &#8211; Sprecherin<br><\/p>\n<\/div><\/div>\n\n\n\n<div class=\"wp-block-media-text alignwide is-stacked-on-mobile\"><figure class=\"wp-block-media-text__media\"><img loading=\"lazy\" decoding=\"async\" width=\"546\" height=\"671\" src=\"https:\/\/www.spd-balve.de\/wp-content\/uploads\/2025\/11\/SVEN-PAUL-FB.png\" alt=\"\" class=\"wp-image-564 size-full\" srcset=\"https:\/\/www.spd-balve.de\/wp-content\/uploads\/2025\/11\/SVEN-PAUL-FB.png 546w, https:\/\/www.spd-balve.de\/wp-content\/uploads\/2025\/11\/SVEN-PAUL-FB-244x300.png 244w\" sizes=\"auto, (max-width: 546px) 100vw, 546px\" \/><\/figure><div class=\"wp-block-media-text__content\">\n<p><strong>Sven Paul<\/strong> <br>(stellv. Fraktionsvorsitzender)<br>Ratsherr<\/p>\n\n\n\n<p><a href=\"mailto:'paul-sven2@gmx.de'\">sven.paul@spd-balve.de<\/a><br><br>Umwelt\/Bau \/Stadtentwicklung (<strong>UBS<\/strong>) &#8211; Sprecher<\/p>\n<\/div><\/div>\n\n\n\n<div class=\"wp-block-media-text alignwide is-stacked-on-mobile\"><figure class=\"wp-block-media-text__media\"><img loading=\"lazy\" decoding=\"async\" width=\"525\" height=\"649\" src=\"https:\/\/www.spd-balve.de\/wp-content\/uploads\/2025\/11\/Gudrun-Lehmann.jpg\" alt=\"\" class=\"wp-image-565 size-full\" srcset=\"https:\/\/www.spd-balve.de\/wp-content\/uploads\/2025\/11\/Gudrun-Lehmann.jpg 525w, https:\/\/www.spd-balve.de\/wp-content\/uploads\/2025\/11\/Gudrun-Lehmann-243x300.jpg 243w\" sizes=\"auto, (max-width: 525px) 100vw, 525px\" \/><\/figure><div class=\"wp-block-media-text__content\">\n<p><strong>Gudrun Lehmann<\/strong><br>sachkundige B\u00fcrgerin<\/p>\n\n\n\n<p><a href=\"mailto:'gudrun.lehmann@gmx.at'\">gudrun.lehmann@gmx.at<\/a><br><br>Ehrenamt, Schule, Digitalisierung, Soziales (<strong>ESDS<\/strong>)<\/p>\n<\/div><\/div>\n\n\n\n<div class=\"wp-block-media-text alignwide is-stacked-on-mobile\"><figure class=\"wp-block-media-text__media\"><img loading=\"lazy\" decoding=\"async\" width=\"453\" height=\"594\" src=\"https:\/\/www.spd-balve.de\/wp-content\/uploads\/2025\/11\/GERT-LAMCHE-FB.png\" alt=\"\" class=\"wp-image-566 size-full\" srcset=\"https:\/\/www.spd-balve.de\/wp-content\/uploads\/2025\/11\/GERT-LAMCHE-FB.png 453w, https:\/\/www.spd-balve.de\/wp-content\/uploads\/2025\/11\/GERT-LAMCHE-FB-229x300.png 229w\" sizes=\"auto, (max-width: 453px) 100vw, 453px\" \/><\/figure><div class=\"wp-block-media-text__content\">\n<p><strong>Gert Lamche<\/strong><br>sachkundiger B\u00fcrger<\/p>\n\n\n\n<p><a href=\"mailto:'gert.lamche@t-online.de'\">gert.lamche@t-online.de<\/a><br><br>Umwelt\/Bau \/Stadtentwicklung (<strong>UBS<\/strong>)<br>Betriebsausschuss (<strong>BA<\/strong>) (stellv. sachkundiger B\u00fcrger)<\/p>\n<\/div><\/div>\n\n\n\n<div class=\"wp-block-media-text alignwide is-stacked-on-mobile\"><figure class=\"wp-block-media-text__media\"><img loading=\"lazy\" decoding=\"async\" width=\"432\" height=\"558\" src=\"https:\/\/www.spd-balve.de\/wp-content\/uploads\/2025\/11\/Daniela-Wernicke.png\" alt=\"\" class=\"wp-image-567 size-full\" srcset=\"https:\/\/www.spd-balve.de\/wp-content\/uploads\/2025\/11\/Daniela-Wernicke.png 432w, https:\/\/www.spd-balve.de\/wp-content\/uploads\/2025\/11\/Daniela-Wernicke-232x300.png 232w\" sizes=\"auto, (max-width: 432px) 100vw, 432px\" \/><\/figure><div class=\"wp-block-media-text__content\">\n<p><strong>Daniela Wernicke<\/strong><br>sachkundige B\u00fcrgerin<\/p>\n\n\n\n<p><a href=\"mailto:'dani.w@t-online.de'\">dani.w@t-online.de<\/a><br><br>Ehrenamt, Schule, Digitalisierung, Soziales (<strong>ESDS<\/strong>) (stellv. sachkundige B\u00fcrgerin)<\/p>\n<\/div><\/div>\n\n\n\n<div class=\"wp-block-media-text alignwide is-stacked-on-mobile\"><figure class=\"wp-block-media-text__media\"><img loading=\"lazy\" decoding=\"async\" width=\"556\" height=\"628\" src=\"https:\/\/www.spd-balve.de\/wp-content\/uploads\/2025\/11\/SEBASTIAN-SCHROeER-FB.png\" alt=\"\" class=\"wp-image-568 size-full\" srcset=\"https:\/\/www.spd-balve.de\/wp-content\/uploads\/2025\/11\/SEBASTIAN-SCHROeER-FB.png 556w, https:\/\/www.spd-balve.de\/wp-content\/uploads\/2025\/11\/SEBASTIAN-SCHROeER-FB-266x300.png 266w\" sizes=\"auto, (max-width: 556px) 100vw, 556px\" \/><\/figure><div class=\"wp-block-media-text__content\">\n<p><strong>Sebastian Schr\u00f6er<\/strong><br>sachkundiger B\u00fcrger<\/p>\n\n\n\n<p><a href=\"mailto:'sebastian.schroeer@spd-balve.de'\">sebastian.schroeer@spd-balve.de<\/a><br><br>Betriebsausschuss (<strong>BA<\/strong>)<\/p>\n<\/div><\/div>\n\n\n\n<div class=\"wp-block-media-text alignwide is-stacked-on-mobile\"><figure class=\"wp-block-media-text__media\"><img loading=\"lazy\" decoding=\"async\" width=\"417\" height=\"550\" src=\"https:\/\/www.spd-balve.de\/wp-content\/uploads\/2025\/11\/JONAS-WERNICKE-FB.png\" alt=\"\" class=\"wp-image-569 size-full\" srcset=\"https:\/\/www.spd-balve.de\/wp-content\/uploads\/2025\/11\/JONAS-WERNICKE-FB.png 417w, https:\/\/www.spd-balve.de\/wp-content\/uploads\/2025\/11\/JONAS-WERNICKE-FB-227x300.png 227w\" sizes=\"auto, (max-width: 417px) 100vw, 417px\" \/><\/figure><div class=\"wp-block-media-text__content\">\n<p><strong>Jonas Wernicke<\/strong><br>sachkundiger B\u00fcrger<\/p>\n\n\n\n<p><a href=\"mailto:'jonas.wernicke@spd-balve.de'\">jonas.wernicke@spd-balve.de<\/a><br><br>Rechnungspr\u00fcfungsausschuss (<strong>RP<\/strong>) &#8211; Sprecher<br>Umwelt\/Bau \/Stadtentwicklung (<strong>UBS<\/strong>) (stellv. sachkundiger B\u00fcrger)<\/p>\n<\/div><\/div>\n","protected":false},"excerpt":{"rendered":"<p>Hier stellen wir Ihnen unsere Fraktion f\u00fcr die Wahlzeit 2025-2030 im Rat der Stadt Balve vor: \u00dcber die Arbeit des Rates der Stadt Balve und seiner Aussch\u00fcsse k\u00f6nnen sich interessierte B\u00fcrgerinnen und B\u00fcrger im Internet unter folgendem Link informieren: RATSINFOSYSTEM &#8211; Recherche f\u00fcr B\u00fcrger Politik und Verwaltung Cay Schmidt(Fraktionsvorsitzender)Ratsherr 02375 \/ 91 03 08cay.schmidt@spd-balve.de Haupt- &hellip; <\/p>\n<p class=\"link-more\"><a href=\"https:\/\/www.spd-balve.de\/?page_id=20\" class=\"more-link\"><span class=\"screen-reader-text\">\u201eSPD &#8211; Fraktion im Rat der Stadt Balve\u201c<\/span> weiterlesen<\/a><\/p>\n","protected":false},"author":1,"featured_media":0,"parent":0,"menu_order":0,"comment_status":"closed","ping_status":"closed","template":"","meta":{"footnotes":""},"class_list":["post-20","page","type-page","status-publish","hentry"],"_links":{"self":[{"href":"https:\/\/www.spd-balve.de\/index.php?rest_route=\/wp\/v2\/pages\/20","targetHints":{"allow":["GET"]}}],"collection":[{"href":"https:\/\/www.spd-balve.de\/index.php?rest_route=\/wp\/v2\/pages"}],"about":[{"href":"https:\/\/www.spd-balve.de\/index.php?rest_route=\/wp\/v2\/types\/page"}],"author":[{"embeddable":true,"href":"https:\/\/www.spd-balve.de\/index.php?rest_route=\/wp\/v2\/users\/1"}],"replies":[{"embeddable":true,"href":"https:\/\/www.spd-balve.de\/index.php?rest_route=%2Fwp%2Fv2%2Fcomments&post=20"}],"version-history":[{"count":27,"href":"https:\/\/www.spd-balve.de\/index.php?rest_route=\/wp\/v2\/pages\/20\/revisions"}],"predecessor-version":[{"id":580,"href":"https:\/\/www.spd-balve.de\/index.php?rest_route=\/wp\/v2\/pages\/20\/revisions\/580"}],"wp:attachment":[{"href":"https:\/\/www.spd-balve.de\/index.php?rest_route=%2Fwp%2Fv2%2Fmedia&parent=20"}],"curies":[{"name":"wp","href":"https:\/\/api.w.org\/{rel}","templated":true}]}}