{"id":14,"date":"2018-03-27T15:08:48","date_gmt":"2018-03-27T13:08:48","guid":{"rendered":"http:\/\/netsh108983.web15.net-server.de\/?page_id=14"},"modified":"2025-11-10T10:49:37","modified_gmt":"2025-11-10T09:49:37","slug":"hier-gehts-los","status":"publish","type":"page","link":"https:\/\/www.spd-balve.de\/","title":{"rendered":"Hier geht\u00b4s los"},"content":{"rendered":"<div id=\"id2\" class=\"style_SkipStroke_2 shape-with-text\">\n<h4 class=\"text-content graphic_textbox_layout_style_default_External_424_661\" style=\"text-align: left;\"><span style=\"color: #e3000f;\"><strong><span class=\"has-inline-color has-vivid-red-color\" data-rich-text-format-boundary=\"true\">Herzlich Willkommen bei der SPD in Balve<\/span><\/strong><\/span><\/h4>\n<p><span style=\"font-size: 1rem;\">Dieses Mal war es noch viel schwieriger als bei der Kommunalwahl vor f\u00fcnf Jahren, Menschen zu gewinnen, die sich als Kandidat \/ Kandidatin bereiterkl\u00e4rt haben sich in einem Wahlbezirk aufstellen zu lassen und \/ oder auf der Reserveliste der SPD zu kandidieren.<\/span><\/p>\n<div class=\"text-content graphic_textbox_layout_style_default_External_424_661\">\n<p>Das hat sich nun auch leider im Ergebnis gezeigt &#8211; die fehlenden Stimmen aus den f\u00fcnf Wahlbezirken die wir nicht besetzen konnten haben ein besseres Ergebnis verhindert.<\/p>\n<p>Jedoch konnten wir drei Ratsmandate erreichen und eine <a href=\"https:\/\/www.spd-balve.de\/?page_id=20\">SPD-Fraktion im Rat der Stadt Balve<\/a> bilden und dort auch sachkundige B\u00fcrger in die Aussch\u00fcsse entsenden.<\/p>\n<p>Daf\u00fcr noch einmal der Dank an alle W\u00e4hlerinnen und W\u00e4hler die uns, trotz der schwierigen Situation der <span style=\"color: #e3000f;\"><strong>SPD<\/strong><\/span> Ihre Stimme gegeben haben.<\/p>\n<p><strong>Jetzt hei\u00dft es durch gute Arbeit Menschen zu \u00fcberzeugen, dass es sich lohnt bei uns mitzuarbeiten.<\/strong><\/p>\n<p><img loading=\"lazy\" decoding=\"async\" class=\"alignnone size-full wp-image-559\" src=\"https:\/\/www.spd-balve.de\/wp-content\/uploads\/2025\/11\/spd-banner-website-start.png\" alt=\"\" width=\"940\" height=\"148\" srcset=\"https:\/\/www.spd-balve.de\/wp-content\/uploads\/2025\/11\/spd-banner-website-start.png 940w, https:\/\/www.spd-balve.de\/wp-content\/uploads\/2025\/11\/spd-banner-website-start-300x47.png 300w, https:\/\/www.spd-balve.de\/wp-content\/uploads\/2025\/11\/spd-banner-website-start-768x121.png 768w\" sizes=\"auto, (max-width: 767px) 89vw, (max-width: 1000px) 54vw, (max-width: 1071px) 543px, 580px\" \/><\/p>\n<p>Jetzt <span style=\"color: #e3000f;\"><strong>SPD-Mitglied<\/strong><\/span> werden:<span style=\"color: #e3000f;\"> <a style=\"color: #e3000f;\" href=\"https:\/\/mitgliedwerden.spd.de\/?pk_vid=fbf939f8cedac6da1743833394454d16\">Jetzt online Mitglied werden<\/a> <\/span>oder jetzt <span style=\"color: #e3000f;\"><a style=\"color: #e3000f;\" href=\"https:\/\/www.spd-balve.de\/wp-content\/uploads\/2025\/04\/spd-beitrittserklaerung.pdf\" target=\"_blank\" rel=\"noopener\">SPD-Beitrittserkl\u00e4rung zum Ausdrucken herunterladen<\/a><\/span><\/p>\n<p>Der Ortsvereinsvorstand:<br \/>Sigrid Schmidt, Sven Paul und Sebastian Schr\u00f6er , Cay Schmidt (<span style=\"color: #e3000f;\"><strong><span class=\"has-inline-color has-vivid-red-color\" data-rich-text-format-boundary=\"true\">SP<\/span><\/strong><strong style=\"font-size: 1rem;\"><span class=\"has-inline-color has-vivid-red-color\" data-rich-text-format-boundary=\"true\">D <\/span><\/strong><\/span>&#8211; Fraktion)<\/p>\n<hr \/>\n<p style=\"text-align: left;\"><span class=\"has-inline-color has-vivid-red-color\"><span style=\"color: #000000;\">Die<strong><span style=\"color: #d90000;\"> SPD<\/span><\/strong> in Balve ist <\/span><\/span><strong><span class=\"has-inline-color has-vivid-red-color\">GUT.F\u00dcR BALVE\u00a0<\/span><\/strong><span class=\"has-inline-color has-vivid-red-color\"><span style=\"color: #000000;\"> &#8211;<\/span> <\/span><span class=\"has-inline-color has-vivid-red-color\"><span style=\"color: #000000;\">diese \u00dcberzeugung haben wir am 01.11.2024 in unserem Wahlprogramm f\u00fcr die Kommunalwahl 2025 formuliert und wollen uns nun mit aller Kraft f\u00fcr die Umsetzung dieser Ziele einsetzen.<\/span><\/span><\/p>\n<p style=\"text-align: center;\"><span style=\"color: #e3000f;\"><a style=\"color: #e3000f;\" title=\"Kommunalpolitische_Leitlinien_2017_-_2025.html\" href=\"https:\/\/www.spd-balve.de\/?page_id=18\"><em>Unsere Kommunalpolitischen Leitlinien 2025 &#8211; 2030<\/em><\/a><\/span><\/p>\n<hr \/>\n<p>&nbsp;<\/p>\n<\/div>\n<\/div>\n<p><!--more--><\/p>\n\n\n<p><\/p>\n\n\n\n<p><\/p>\n\n\n\n<p><\/p>\n","protected":false},"excerpt":{"rendered":"<p>Herzlich Willkommen bei der SPD in Balve Dieses Mal war es noch viel schwieriger als bei der Kommunalwahl vor f\u00fcnf Jahren, Menschen zu gewinnen, die sich als Kandidat \/ Kandidatin bereiterkl\u00e4rt haben sich in einem Wahlbezirk aufstellen zu lassen und \/ oder auf der Reserveliste der SPD zu kandidieren. Das hat sich nun auch leider &hellip; <\/p>\n<p class=\"link-more\"><a href=\"https:\/\/www.spd-balve.de\/\" class=\"more-link\"><span class=\"screen-reader-text\">\u201eHier geht\u00b4s los\u201c<\/span> weiterlesen<\/a><\/p>\n","protected":false},"author":1,"featured_media":0,"parent":0,"menu_order":0,"comment_status":"closed","ping_status":"closed","template":"","meta":{"footnotes":""},"class_list":["post-14","page","type-page","status-publish","hentry"],"_links":{"self":[{"href":"https:\/\/www.spd-balve.de\/index.php?rest_route=\/wp\/v2\/pages\/14","targetHints":{"allow":["GET"]}}],"collection":[{"href":"https:\/\/www.spd-balve.de\/index.php?rest_route=\/wp\/v2\/pages"}],"about":[{"href":"https:\/\/www.spd-balve.de\/index.php?rest_route=\/wp\/v2\/types\/page"}],"author":[{"embeddable":true,"href":"https:\/\/www.spd-balve.de\/index.php?rest_route=\/wp\/v2\/users\/1"}],"replies":[{"embeddable":true,"href":"https:\/\/www.spd-balve.de\/index.php?rest_route=%2Fwp%2Fv2%2Fcomments&post=14"}],"version-history":[{"count":77,"href":"https:\/\/www.spd-balve.de\/index.php?rest_route=\/wp\/v2\/pages\/14\/revisions"}],"predecessor-version":[{"id":575,"href":"https:\/\/www.spd-balve.de\/index.php?rest_route=\/wp\/v2\/pages\/14\/revisions\/575"}],"wp:attachment":[{"href":"https:\/\/www.spd-balve.de\/index.php?rest_route=%2Fwp%2Fv2%2Fmedia&parent=14"}],"curies":[{"name":"wp","href":"https:\/\/api.w.org\/{rel}","templated":true}]}}